{"id":898,"date":"2025-07-01T12:50:39","date_gmt":"2025-07-01T12:50:39","guid":{"rendered":"https:\/\/engagementlit2025.web.ua.pt\/?page_id=898"},"modified":"2025-07-01T12:50:40","modified_gmt":"2025-07-01T12:50:40","slug":"options-dhebergement","status":"publish","type":"page","link":"https:\/\/engagementlit2025.web.ua.pt\/?page_id=898&lang=fr","title":{"rendered":"Options d&#8217;h\u00e9bergement"},"content":{"rendered":"\n<p>Vous trouverez ci-dessous une liste de possibilit\u00e9s d&#8217;h\u00e9bergement dans la ville d&#8217;Aveiro. Si vous avez des questions, veuillez contacter le comit\u00e9 d&#8217;organisation: <a href=\"dlc-engagementlit2025@ua.pt\">dlc-engagementlit2025@ua.pt<\/a><\/p>\n\n\n\n<div data-wp-interactive=\"core\/file\" class=\"wp-block-file\"><object data-wp-bind--hidden=\"!state.hasPdfPreview\" hidden class=\"wp-block-file__embed\" data=\"https:\/\/engagementlit2025.web.ua.pt\/wp-content\/uploads\/2025\/07\/Aveiro-Suggestions.pdf\" type=\"application\/pdf\" style=\"width:100%;height:600px\" aria-label=\"Embed of Aveiro- Suggestions.\"><\/object><a id=\"wp-block-file--media-6a4fcf9f-69b6-4b7a-830d-76d43acf2a26\" href=\"https:\/\/engagementlit2025.web.ua.pt\/wp-content\/uploads\/2025\/07\/Aveiro-Suggestions.pdf\">Aveiro- Suggestions<\/a><a href=\"https:\/\/engagementlit2025.web.ua.pt\/wp-content\/uploads\/2025\/07\/Aveiro-Suggestions.pdf\" class=\"wp-block-file__button wp-element-button\" download aria-describedby=\"wp-block-file--media-6a4fcf9f-69b6-4b7a-830d-76d43acf2a26\">Download<\/a><\/div>\n","protected":false},"excerpt":{"rendered":"<p>Vous trouverez ci-dessous une liste de possibilit\u00e9s d&#8217;h\u00e9bergement dans la ville d&#8217;Aveiro. Si vous avez des questions, veuillez contacter le comit\u00e9 d&#8217;organisation: dlc-engagementlit2025@ua.pt<\/p>\n","protected":false},"author":2,"featured_media":0,"parent":0,"menu_order":0,"comment_status":"closed","ping_status":"closed","template":"","meta":{"footnotes":""},"class_list":["post-898","page","type-page","status-publish","hentry"],"_links":{"self":[{"href":"https:\/\/engagementlit2025.web.ua.pt\/index.php?rest_route=\/wp\/v2\/pages\/898","targetHints":{"allow":["GET"]}}],"collection":[{"href":"https:\/\/engagementlit2025.web.ua.pt\/index.php?rest_route=\/wp\/v2\/pages"}],"about":[{"href":"https:\/\/engagementlit2025.web.ua.pt\/index.php?rest_route=\/wp\/v2\/types\/page"}],"author":[{"embeddable":true,"href":"https:\/\/engagementlit2025.web.ua.pt\/index.php?rest_route=\/wp\/v2\/users\/2"}],"replies":[{"embeddable":true,"href":"https:\/\/engagementlit2025.web.ua.pt\/index.php?rest_route=%2Fwp%2Fv2%2Fcomments&post=898"}],"version-history":[{"count":1,"href":"https:\/\/engagementlit2025.web.ua.pt\/index.php?rest_route=\/wp\/v2\/pages\/898\/revisions"}],"predecessor-version":[{"id":901,"href":"https:\/\/engagementlit2025.web.ua.pt\/index.php?rest_route=\/wp\/v2\/pages\/898\/revisions\/901"}],"wp:attachment":[{"href":"https:\/\/engagementlit2025.web.ua.pt\/index.php?rest_route=%2Fwp%2Fv2%2Fmedia&parent=898"}],"curies":[{"name":"wp","href":"https:\/\/api.w.org\/{rel}","templated":true}]}}