{"id":630,"date":"2025-02-15T18:47:06","date_gmt":"2025-02-15T18:47:06","guid":{"rendered":"https:\/\/engagementlit2025.web.ua.pt\/?page_id=630"},"modified":"2025-11-05T20:53:35","modified_gmt":"2025-11-05T20:53:35","slug":"oradores-convidados","status":"publish","type":"page","link":"https:\/\/engagementlit2025.web.ua.pt\/?page_id=630","title":{"rendered":"Oradores convidados"},"content":{"rendered":"\n<h3 class=\"wp-block-heading\">Sylvie Servoise<br><\/h3>\n\n\n\n<p class=\"has-medium-font-size\">Le Mans Universit\u00e9<\/p>\n\n\n\n<figure class=\"wp-block-image size-full\"><img loading=\"lazy\" decoding=\"async\" width=\"250\" height=\"201\" src=\"https:\/\/engagementlit2025.web.ua.pt\/wp-content\/uploads\/2025\/02\/SylvServ.png\" alt=\"\" class=\"wp-image-633\"\/><\/figure>\n\n\n\n<p><\/p>\n\n\n\n<p class=\"has-medium-font-size\">Sylvie Servoise \u00e9 professora de Literatura Geral e Comparada na Universidade de Le Mans e diretora (pela Universidade de Le Mans) do 3L.AM &#8211; Langues, Litt\u00e9ratures, Linguistique da Universidade de Angers e de Le Mans, um importante centro de investiga\u00e7\u00e3o em Ci\u00eancias Humanas e Sociais do Pa\u00eds do Loire. \u00c9 tamb\u00e9m editora principal da revista <em>Raison publique.<\/em><\/p>\n\n\n\n<p class=\"has-medium-font-size\">Na sua investiga\u00e7\u00e3o, tem privilegiado quest\u00f5es de <em>engagement<\/em> na literatura, o tratamento liter\u00e1rio de quest\u00f5es sociais, bem como a rela\u00e7\u00e3o entre literatura e hist\u00f3ria e entre literatura e filosofia pol\u00edtica, e ainda escritas de identidade e mem\u00f3ria na literatura contempor\u00e2nea.<\/p>\n\n\n\n<p class=\"has-medium-font-size\">Entre os \u00faltimos estudos publicados contam-se os seguintes: <em>Litt\u00e9rature engag\u00e9e, <\/em>Paris, \u00c9ditions Que sais-je, 2023; <em>D\u00e9mocratie et roman. <\/em><em>Explorations litt\u00e9raires de la crise de la repr\u00e9sentation au XXIeme si\u00e8cle<\/em>, Paris, Editions Hermann.<\/p>\n\n\n\n<p>Para consultar a vers\u00e3o inglesa da confer\u00eancia plen\u00e1ria, clique <a href=\"https:\/\/engagementlit2025.web.ua.pt\/wp-content\/uploads\/2025\/11\/Old-and-New-Regimes-of-literary-engagement.pdf\">aqui<\/a>.<\/p>\n","protected":false},"excerpt":{"rendered":"<p>Sylvie Servoise Le Mans Universit\u00e9 Sylvie Servoise \u00e9 professora de Literatura Geral e Comparada na Universidade de Le Mans e diretora (pela Universidade de Le Mans) do 3L.AM &#8211; Langues, Litt\u00e9ratures, Linguistique da Universidade de Angers e de Le Mans, um importante centro de investiga\u00e7\u00e3o em Ci\u00eancias Humanas e Sociais do Pa\u00eds do Loire. \u00c9 tamb\u00e9m editora principal da revista Raison publique. Na sua investiga\u00e7\u00e3o, tem privilegiado quest\u00f5es de engagement na literatura, o tratamento liter\u00e1rio de quest\u00f5es sociais, bem como a rela\u00e7\u00e3o entre literatura e hist\u00f3ria e entre literatura e filosofia pol\u00edtica, e ainda escritas de identidade e mem\u00f3ria na literatura contempor\u00e2nea. Entre os \u00faltimos estudos publicados contam-se os seguintes: Litt\u00e9rature engag\u00e9e, Paris, \u00c9ditions Que sais-je, 2023; D\u00e9mocratie et roman. Explorations litt\u00e9raires de la crise de la repr\u00e9sentation au XXIeme si\u00e8cle, Paris, Editions Hermann. Para consultar a vers\u00e3o inglesa da confer\u00eancia plen\u00e1ria, clique aqui.<\/p>\n","protected":false},"author":2,"featured_media":0,"parent":0,"menu_order":0,"comment_status":"closed","ping_status":"closed","template":"","meta":{"footnotes":""},"class_list":["post-630","page","type-page","status-publish","hentry"],"_links":{"self":[{"href":"https:\/\/engagementlit2025.web.ua.pt\/index.php?rest_route=\/wp\/v2\/pages\/630","targetHints":{"allow":["GET"]}}],"collection":[{"href":"https:\/\/engagementlit2025.web.ua.pt\/index.php?rest_route=\/wp\/v2\/pages"}],"about":[{"href":"https:\/\/engagementlit2025.web.ua.pt\/index.php?rest_route=\/wp\/v2\/types\/page"}],"author":[{"embeddable":true,"href":"https:\/\/engagementlit2025.web.ua.pt\/index.php?rest_route=\/wp\/v2\/users\/2"}],"replies":[{"embeddable":true,"href":"https:\/\/engagementlit2025.web.ua.pt\/index.php?rest_route=%2Fwp%2Fv2%2Fcomments&post=630"}],"version-history":[{"count":4,"href":"https:\/\/engagementlit2025.web.ua.pt\/index.php?rest_route=\/wp\/v2\/pages\/630\/revisions"}],"predecessor-version":[{"id":1145,"href":"https:\/\/engagementlit2025.web.ua.pt\/index.php?rest_route=\/wp\/v2\/pages\/630\/revisions\/1145"}],"wp:attachment":[{"href":"https:\/\/engagementlit2025.web.ua.pt\/index.php?rest_route=%2Fwp%2Fv2%2Fmedia&parent=630"}],"curies":[{"name":"wp","href":"https:\/\/api.w.org\/{rel}","templated":true}]}}