{"id":62,"date":"2025-02-07T15:19:31","date_gmt":"2025-02-07T15:19:31","guid":{"rendered":"https:\/\/engagementlit2025.web.ua.pt\/?page_id=62"},"modified":"2025-02-14T16:36:36","modified_gmt":"2025-02-14T16:36:36","slug":"contactos","status":"publish","type":"page","link":"https:\/\/engagementlit2025.web.ua.pt\/?page_id=62","title":{"rendered":"Contactos"},"content":{"rendered":"\n<p>Col\u00f3quio <strong>&#8220;Escrever, agir, resistir: reconfigura\u00e7\u00f5es do <em>engagement<\/em> liter\u00e1rio&#8221;<\/strong><br><br>Departamento de L\u00ednguas e Culturas<br>Universidade de Aveiro<br>Campus Universit\u00e1rio Santiago<br>3810-193 Aveiro<br>Portugal<\/p>\n\n\n\n<p><a href=\"mailto:dlc-engagementlit2025@ua.pt\">dlc-engagementlit2025@ua.pt<\/a><\/p>\n","protected":false},"excerpt":{"rendered":"<p>Col\u00f3quio &#8220;Escrever, agir, resistir: reconfigura\u00e7\u00f5es do engagement liter\u00e1rio&#8221; Departamento de L\u00ednguas e CulturasUniversidade de AveiroCampus Universit\u00e1rio Santiago3810-193 AveiroPortugal dlc-engagementlit2025@ua.pt<\/p>\n","protected":false},"author":2,"featured_media":0,"parent":0,"menu_order":0,"comment_status":"closed","ping_status":"closed","template":"","meta":{"footnotes":""},"class_list":["post-62","page","type-page","status-publish","hentry"],"_links":{"self":[{"href":"https:\/\/engagementlit2025.web.ua.pt\/index.php?rest_route=\/wp\/v2\/pages\/62","targetHints":{"allow":["GET"]}}],"collection":[{"href":"https:\/\/engagementlit2025.web.ua.pt\/index.php?rest_route=\/wp\/v2\/pages"}],"about":[{"href":"https:\/\/engagementlit2025.web.ua.pt\/index.php?rest_route=\/wp\/v2\/types\/page"}],"author":[{"embeddable":true,"href":"https:\/\/engagementlit2025.web.ua.pt\/index.php?rest_route=\/wp\/v2\/users\/2"}],"replies":[{"embeddable":true,"href":"https:\/\/engagementlit2025.web.ua.pt\/index.php?rest_route=%2Fwp%2Fv2%2Fcomments&post=62"}],"version-history":[{"count":3,"href":"https:\/\/engagementlit2025.web.ua.pt\/index.php?rest_route=\/wp\/v2\/pages\/62\/revisions"}],"predecessor-version":[{"id":549,"href":"https:\/\/engagementlit2025.web.ua.pt\/index.php?rest_route=\/wp\/v2\/pages\/62\/revisions\/549"}],"wp:attachment":[{"href":"https:\/\/engagementlit2025.web.ua.pt\/index.php?rest_route=%2Fwp%2Fv2%2Fmedia&parent=62"}],"curies":[{"name":"wp","href":"https:\/\/api.w.org\/{rel}","templated":true}]}}