{"id":53,"date":"2025-02-07T15:18:25","date_gmt":"2025-02-07T15:18:25","guid":{"rendered":"https:\/\/engagementlit2025.web.ua.pt\/?page_id=53"},"modified":"2025-11-11T15:15:55","modified_gmt":"2025-11-11T15:15:55","slug":"committee","status":"publish","type":"page","link":"https:\/\/engagementlit2025.web.ua.pt\/?page_id=53&lang=en","title":{"rendered":"Committees"},"content":{"rendered":"\n<h3 class=\"wp-block-heading\">Scientific Committee<\/h3>\n\n\n\n<p class=\"has-medium-font-size\">Ana Clara Santos (Universidade do Algarve)<br>Ana Paula Coutinho (Universidade do Porto)<br>Alexandra Lopes (Universidade Cat\u00f3lica Portuguesa)<br>Cristina \u00c1lvares (Universidade do Minho)<br>Emmanuel Bouju (Universit\u00e9 Paris 3)<br>Eunice Ribeiro (Universidade do Minho)<br>Jos\u00e9 de Almeida (Universidade do Porto)<br>Kelly Washbourne (Kent State University)<br>Maria Teresa Casal (Universidade de Lisboa)<br>Paulo de Medeiros (University of Warwick)<br>S\u00e9rgio de Sousa Guimar\u00e3es (Universidade do Minho)<br>Sylvie Servoise (Universit\u00e9 Le Mans)<br>Teresa Seruya (Universidade de Lisboa)<\/p>\n\n\n\n<p class=\"has-medium-font-size\">To be updated<\/p>\n\n\n\n<h3 class=\"wp-block-heading\">Organising Committee<\/h3>\n\n\n\n<p class=\"has-medium-font-size\">Ana Maria Alves<br>Ana Paula Pedro<br>Ana Teresa Marques dos Santos<br>Christian Wilke<br>Felipe Cammaert<br>In\u00eas Gamelas<br>Maria de Jesus Cabral<br>Maria Teresa Cortez<br>Reinaldo Silva<\/p>\n","protected":false},"excerpt":{"rendered":"<p>Scientific Committee Ana Clara Santos (Universidade do Algarve)Ana Paula Coutinho (Universidade do Porto)Alexandra Lopes (Universidade Cat\u00f3lica Portuguesa)Cristina \u00c1lvares (Universidade do Minho)Emmanuel Bouju (Universit\u00e9 Paris 3)Eunice Ribeiro (Universidade do Minho)Jos\u00e9 de Almeida (Universidade do Porto)Kelly Washbourne (Kent State University)Maria Teresa Casal (Universidade de Lisboa)Paulo de Medeiros (University of Warwick)S\u00e9rgio de Sousa Guimar\u00e3es (Universidade do Minho)Sylvie Servoise (Universit\u00e9 Le Mans)Teresa Seruya (Universidade de Lisboa) To be updated Organising Committee Ana Maria AlvesAna Paula PedroAna Teresa Marques dos SantosChristian WilkeFelipe CammaertIn\u00eas GamelasMaria de Jesus CabralMaria Teresa CortezReinaldo Silva<\/p>\n","protected":false},"author":2,"featured_media":0,"parent":0,"menu_order":0,"comment_status":"closed","ping_status":"closed","template":"","meta":{"footnotes":""},"class_list":["post-53","page","type-page","status-publish","hentry"],"_links":{"self":[{"href":"https:\/\/engagementlit2025.web.ua.pt\/index.php?rest_route=\/wp\/v2\/pages\/53","targetHints":{"allow":["GET"]}}],"collection":[{"href":"https:\/\/engagementlit2025.web.ua.pt\/index.php?rest_route=\/wp\/v2\/pages"}],"about":[{"href":"https:\/\/engagementlit2025.web.ua.pt\/index.php?rest_route=\/wp\/v2\/types\/page"}],"author":[{"embeddable":true,"href":"https:\/\/engagementlit2025.web.ua.pt\/index.php?rest_route=\/wp\/v2\/users\/2"}],"replies":[{"embeddable":true,"href":"https:\/\/engagementlit2025.web.ua.pt\/index.php?rest_route=%2Fwp%2Fv2%2Fcomments&post=53"}],"version-history":[{"count":13,"href":"https:\/\/engagementlit2025.web.ua.pt\/index.php?rest_route=\/wp\/v2\/pages\/53\/revisions"}],"predecessor-version":[{"id":1186,"href":"https:\/\/engagementlit2025.web.ua.pt\/index.php?rest_route=\/wp\/v2\/pages\/53\/revisions\/1186"}],"wp:attachment":[{"href":"https:\/\/engagementlit2025.web.ua.pt\/index.php?rest_route=%2Fwp%2Fv2%2Fmedia&parent=53"}],"curies":[{"name":"wp","href":"https:\/\/api.w.org\/{rel}","templated":true}]}}